{"id":244791,"date":"2021-11-08T10:19:35","date_gmt":"2021-11-08T09:19:35","guid":{"rendered":"https:\/\/quintasolana.com\/?page_id=244791"},"modified":"2021-11-08T10:22:44","modified_gmt":"2021-11-08T09:22:44","slug":"informacoes-gerais","status":"publish","type":"page","link":"https:\/\/quintasolana.com\/pt-pt\/informacoes-gerais\/","title":{"rendered":"Informa\u00e7\u00f5es gerais"},"content":{"rendered":"\n<p>A Loja Online \u201cQUINTASOLANA\u201d \u00e9 propriedade da sociedade comercial por quotas \u201cQUINTA SOLANA UNIPESSOAL, LDA\u201d, com sede no Largo do Adro 10, 7830-114 Brinches, freguesia de Brinches, concelho de Serpa, registada sob o n\u00famero \u00fanico de matr\u00edcula e de identifica\u00e7\u00e3o de pessoa coletiva n\u00ba 516 432 796, com o capital social de \u20ac 50.000,00 e possui os seguintes contactos:<\/p>\n\n\n\n<p>\u2013 Morada da sede: Largo do Adro, 10 7830-114 Brinches<\/p>\n\n\n\n<p>\u2013 Mail:\u00a0<a rel=\"noreferrer noopener\" href=\"mailto:info@quintasolana.com\" target=\"_blank\">info@quintasolana.com<\/a> <\/p>\n\n\n\n<hr class=\"wp-block-separator is-style-dots\"\/>\n\n\n\n<p><\/p>\n","protected":false},"excerpt":{"rendered":"<p>A Loja Online \u201cQUINTASOLANA\u201d \u00e9 propriedade da sociedade comercial por quotas \u201cQUINTA SOLANA UNIPESSOAL, LDA\u201d, com sede no Largo do Adro 10, 7830-114 Brinches, freguesia de Brinches, concelho de Serpa, registada sob o n\u00famero \u00fanico de matr\u00edcula e de identifica\u00e7\u00e3o de pessoa coletiva n\u00ba 516 432 796, com o capital social de \u20ac 50.000,00 e [&hellip;]<\/p>\n","protected":false},"author":1,"featured_media":0,"parent":0,"menu_order":0,"comment_status":"closed","ping_status":"closed","template":"","meta":{"_et_pb_use_builder":"off","_et_pb_old_content":"","_et_gb_content_width":"1080","footnotes":""},"class_list":["post-244791","page","type-page","status-publish","hentry"],"yoast_head":"<!-- This site is optimized with the Yoast SEO plugin v27.3 - https:\/\/yoast.com\/product\/yoast-seo-wordpress\/ -->\n<title>Informa\u00e7\u00f5es gerais - Quinta Solana<\/title>\n<meta name=\"robots\" content=\"index, follow, max-snippet:-1, max-image-preview:large, max-video-preview:-1\" \/>\n<link rel=\"canonical\" href=\"https:\/\/quintasolana.com\/pt-pt\/informacoes-gerais\/\" \/>\n<meta property=\"og:locale\" content=\"pt_PT\" \/>\n<meta property=\"og:type\" content=\"article\" \/>\n<meta property=\"og:title\" content=\"Informa\u00e7\u00f5es gerais - Quinta Solana\" \/>\n<meta property=\"og:description\" content=\"A Loja Online \u201cQUINTASOLANA\u201d \u00e9 propriedade da sociedade comercial por quotas \u201cQUINTA SOLANA UNIPESSOAL, LDA\u201d, com sede no Largo do Adro 10, 7830-114 Brinches, freguesia de Brinches, concelho de Serpa, registada sob o n\u00famero \u00fanico de matr\u00edcula e de identifica\u00e7\u00e3o de pessoa coletiva n\u00ba 516 432 796, com o capital social de \u20ac 50.000,00 e [&hellip;]\" \/>\n<meta property=\"og:url\" content=\"https:\/\/quintasolana.com\/pt-pt\/informacoes-gerais\/\" \/>\n<meta property=\"og:site_name\" content=\"Quinta Solana\" \/>\n<meta property=\"article:modified_time\" content=\"2021-11-08T09:22:44+00:00\" \/>\n<meta name=\"twitter:card\" content=\"summary_large_image\" \/>\n<script type=\"application\/ld+json\" class=\"yoast-schema-graph\">{\"@context\":\"https:\\\/\\\/schema.org\",\"@graph\":[{\"@type\":\"WebPage\",\"@id\":\"https:\\\/\\\/quintasolana.com\\\/pt-pt\\\/informacoes-gerais\\\/\",\"url\":\"https:\\\/\\\/quintasolana.com\\\/pt-pt\\\/informacoes-gerais\\\/\",\"name\":\"Informa\u00e7\u00f5es gerais - Quinta Solana\",\"isPartOf\":{\"@id\":\"https:\\\/\\\/quintasolana.com\\\/pt-pt\\\/#website\"},\"datePublished\":\"2021-11-08T09:19:35+00:00\",\"dateModified\":\"2021-11-08T09:22:44+00:00\",\"breadcrumb\":{\"@id\":\"https:\\\/\\\/quintasolana.com\\\/pt-pt\\\/informacoes-gerais\\\/#breadcrumb\"},\"inLanguage\":\"pt-PT\",\"potentialAction\":[{\"@type\":\"ReadAction\",\"target\":[\"https:\\\/\\\/quintasolana.com\\\/pt-pt\\\/informacoes-gerais\\\/\"]}]},{\"@type\":\"BreadcrumbList\",\"@id\":\"https:\\\/\\\/quintasolana.com\\\/pt-pt\\\/informacoes-gerais\\\/#breadcrumb\",\"itemListElement\":[{\"@type\":\"ListItem\",\"position\":1,\"name\":\"Accueil\",\"item\":\"https:\\\/\\\/quintasolana.com\\\/pt-pt\\\/\"},{\"@type\":\"ListItem\",\"position\":2,\"name\":\"Informa\u00e7\u00f5es gerais\"}]},{\"@type\":\"WebSite\",\"@id\":\"https:\\\/\\\/quintasolana.com\\\/pt-pt\\\/#website\",\"url\":\"https:\\\/\\\/quintasolana.com\\\/pt-pt\\\/\",\"name\":\"Quinta Solana\",\"description\":\"Le fruit du soleil\",\"potentialAction\":[{\"@type\":\"SearchAction\",\"target\":{\"@type\":\"EntryPoint\",\"urlTemplate\":\"https:\\\/\\\/quintasolana.com\\\/pt-pt\\\/?s={search_term_string}\"},\"query-input\":{\"@type\":\"PropertyValueSpecification\",\"valueRequired\":true,\"valueName\":\"search_term_string\"}}],\"inLanguage\":\"pt-PT\"}]}<\/script>\n<!-- \/ Yoast SEO plugin. -->","yoast_head_json":{"title":"Informa\u00e7\u00f5es gerais - Quinta Solana","robots":{"index":"index","follow":"follow","max-snippet":"max-snippet:-1","max-image-preview":"max-image-preview:large","max-video-preview":"max-video-preview:-1"},"canonical":"https:\/\/quintasolana.com\/pt-pt\/informacoes-gerais\/","og_locale":"pt_PT","og_type":"article","og_title":"Informa\u00e7\u00f5es gerais - Quinta Solana","og_description":"A Loja Online \u201cQUINTASOLANA\u201d \u00e9 propriedade da sociedade comercial por quotas \u201cQUINTA SOLANA UNIPESSOAL, LDA\u201d, com sede no Largo do Adro 10, 7830-114 Brinches, freguesia de Brinches, concelho de Serpa, registada sob o n\u00famero \u00fanico de matr\u00edcula e de identifica\u00e7\u00e3o de pessoa coletiva n\u00ba 516 432 796, com o capital social de \u20ac 50.000,00 e [&hellip;]","og_url":"https:\/\/quintasolana.com\/pt-pt\/informacoes-gerais\/","og_site_name":"Quinta Solana","article_modified_time":"2021-11-08T09:22:44+00:00","twitter_card":"summary_large_image","schema":{"@context":"https:\/\/schema.org","@graph":[{"@type":"WebPage","@id":"https:\/\/quintasolana.com\/pt-pt\/informacoes-gerais\/","url":"https:\/\/quintasolana.com\/pt-pt\/informacoes-gerais\/","name":"Informa\u00e7\u00f5es gerais - Quinta Solana","isPartOf":{"@id":"https:\/\/quintasolana.com\/pt-pt\/#website"},"datePublished":"2021-11-08T09:19:35+00:00","dateModified":"2021-11-08T09:22:44+00:00","breadcrumb":{"@id":"https:\/\/quintasolana.com\/pt-pt\/informacoes-gerais\/#breadcrumb"},"inLanguage":"pt-PT","potentialAction":[{"@type":"ReadAction","target":["https:\/\/quintasolana.com\/pt-pt\/informacoes-gerais\/"]}]},{"@type":"BreadcrumbList","@id":"https:\/\/quintasolana.com\/pt-pt\/informacoes-gerais\/#breadcrumb","itemListElement":[{"@type":"ListItem","position":1,"name":"Accueil","item":"https:\/\/quintasolana.com\/pt-pt\/"},{"@type":"ListItem","position":2,"name":"Informa\u00e7\u00f5es gerais"}]},{"@type":"WebSite","@id":"https:\/\/quintasolana.com\/pt-pt\/#website","url":"https:\/\/quintasolana.com\/pt-pt\/","name":"Quinta Solana","description":"Le fruit du soleil","potentialAction":[{"@type":"SearchAction","target":{"@type":"EntryPoint","urlTemplate":"https:\/\/quintasolana.com\/pt-pt\/?s={search_term_string}"},"query-input":{"@type":"PropertyValueSpecification","valueRequired":true,"valueName":"search_term_string"}}],"inLanguage":"pt-PT"}]}},"_links":{"self":[{"href":"https:\/\/quintasolana.com\/pt-pt\/wp-json\/wp\/v2\/pages\/244791","targetHints":{"allow":["GET"]}}],"collection":[{"href":"https:\/\/quintasolana.com\/pt-pt\/wp-json\/wp\/v2\/pages"}],"about":[{"href":"https:\/\/quintasolana.com\/pt-pt\/wp-json\/wp\/v2\/types\/page"}],"author":[{"embeddable":true,"href":"https:\/\/quintasolana.com\/pt-pt\/wp-json\/wp\/v2\/users\/1"}],"replies":[{"embeddable":true,"href":"https:\/\/quintasolana.com\/pt-pt\/wp-json\/wp\/v2\/comments?post=244791"}],"version-history":[{"count":3,"href":"https:\/\/quintasolana.com\/pt-pt\/wp-json\/wp\/v2\/pages\/244791\/revisions"}],"predecessor-version":[{"id":244795,"href":"https:\/\/quintasolana.com\/pt-pt\/wp-json\/wp\/v2\/pages\/244791\/revisions\/244795"}],"wp:attachment":[{"href":"https:\/\/quintasolana.com\/pt-pt\/wp-json\/wp\/v2\/media?parent=244791"}],"curies":[{"name":"wp","href":"https:\/\/api.w.org\/{rel}","templated":true}]}}