{"id":243417,"date":"2021-09-20T09:41:02","date_gmt":"2021-09-20T07:41:02","guid":{"rendered":"https:\/\/quintasolana.com\/faq\/"},"modified":"2021-11-16T21:19:38","modified_gmt":"2021-11-16T20:19:38","slug":"preguntas-frequentes","status":"publish","type":"page","link":"https:\/\/quintasolana.com\/pt-pt\/preguntas-frequentes\/","title":{"rendered":"PREGUNTAS FREQUENTES"},"content":{"rendered":"<p>[et_pb_section fb_built=&#8221;1&#8243; _builder_version=&#8221;3.22&#8243; global_colors_info=&#8221;{}&#8221;][et_pb_row _builder_version=&#8221;3.25&#8243; background_size=&#8221;initial&#8221; background_position=&#8221;top_left&#8221; background_repeat=&#8221;repeat&#8221; global_colors_info=&#8221;{}&#8221;][et_pb_column type=&#8221;4_4&#8243; _builder_version=&#8221;3.25&#8243; custom_padding=&#8221;|||&#8221; global_colors_info=&#8221;{}&#8221; custom_padding__hover=&#8221;|||&#8221;][et_pb_text _builder_version=&#8221;4.10.7&#8243; _module_preset=&#8221;default&#8221; custom_margin=&#8221;46px||46px||true|false&#8221; global_colors_info=&#8221;{}&#8221;]<\/p>\n<h1>PREGUNTAS FREQUENTES<\/h1>\n<p>[\/et_pb_text][et_pb_toggle title=&#8221;Em que pa\u00eds posso entregar a minha encomenda?&#8221; open_toggle_text_color=&#8221;#000000&#8243; open_toggle_background_color=&#8221;#FFFFFF&#8221; closed_toggle_background_color=&#8221;rgba(226,226,226,0.32)&#8221; icon_color=&#8221;#293821&#8243; open_icon_color=&#8221;#293821&#8243; _builder_version=&#8221;4.13.1&#8243; _module_preset=&#8221;default&#8221; title_text_color=&#8221;#000000&#8243; title_font=&#8221;Mulish|||on|||||&#8221; body_font=&#8221;Shippori Mincho||||||||&#8221; body_line_height=&#8221;1em&#8221; hover_enabled=&#8221;0&#8243; global_colors_info=&#8221;{}&#8221; sticky_enabled=&#8221;0&#8243;]<\/p>\n<p><span style=\"color: #000000;\"><span style=\"font-size: small;\"><span lang=\"pt-PT\">Atualmente entregamos na Fran\u00e7a metropolitana, B\u00e9lgica, Luxemburgo, Holanda, Alemanha, Su\u00e9cia<\/span><\/span><\/span><span style=\"color: #000000;\"><span style=\"font-size: small;\"><span lang=\"pt-PT\">\u00a0e Portugal continental.<\/span><\/span><\/span><\/p>\n<p><span style=\"color: #000000;\"><span style=\"font-size: small;\"><span lang=\"pt-PT\">Para qualquer outro destino, envie-nos um e-mail para <\/span><\/span><\/span><span style=\"color: #0563c1;\"><u><a href=\"mailto:info@quintasolana.com\"><span style=\"font-size: small;\"><span lang=\"pt-PT\"><i>info@quintasolana.com<\/i><\/span><\/span><\/a><\/u><\/span><span lang=\"pt-PT\"> <\/span><span style=\"color: #000000;\"><span style=\"font-size: small;\"><span lang=\"pt-PT\">ou contacte-nos atrav\u00e9s do <\/span><\/span><\/span><span style=\"color: #0563c1;\"><u><a href=\"http:\/\/www.quintasolana.com\/pt-pt\/contate-nos\/\"><span style=\"font-size: small;\"><span lang=\"pt-PT\">formul\u00e1rio de contacto<\/span><\/span><\/a><\/u><\/span><span style=\"color: #000000;\"><span style=\"font-size: small;\"><span lang=\"pt-PT\">.<\/span><\/span><\/span><span lang=\"pt-PT\"> <\/span><span style=\"color: #000000;\"><span style=\"font-size: small;\"><span lang=\"pt-PT\"> <\/span><\/span><\/span><\/p>\n<p>[\/et_pb_toggle][et_pb_toggle title=&#8221;N\u00e3o recebi um e-mail confirmando o meu pedido. E agora?&#8221; open_toggle_text_color=&#8221;#000000&#8243; open_toggle_background_color=&#8221;#FFFFFF&#8221; closed_toggle_background_color=&#8221;rgba(226,226,226,0.32)&#8221; icon_color=&#8221;#293821&#8243; open_icon_color=&#8221;#293821&#8243; _builder_version=&#8221;4.13.0&#8243; _module_preset=&#8221;default&#8221; title_text_color=&#8221;#000000&#8243; title_font=&#8221;Mulish|||on|||||&#8221; body_font=&#8221;Shippori Mincho||||||||&#8221; body_line_height=&#8221;1em&#8221; global_colors_info=&#8221;{}&#8221;]<\/p>\n<p><span style=\"font-size: small;\"><span lang=\"pt-PT\">\u00c9 prov\u00e1vel que n\u00e3o tenhamos recebido a confirma\u00e7\u00e3o do pagamento da encomenda. Se recebeu um e-mail de confirma\u00e7\u00e3o de pagamento, por favor envie-nos uma mensagem para <\/span><\/span><a href=\"mailto:clientsupport@quintasolana.com\"><span style=\"color: #0563c1;\"><u><span style=\"font-size: small;\"><span lang=\"pt-PT\"><i>clientsupport@quintasolana.com<\/i><\/span><\/span><\/u><\/span><span lang=\"pt-PT\"> <\/span><\/a><span style=\"color: #0563c1;\"><span style=\"color: #000000;\"><span style=\"font-size: small;\"><span lang=\"pt-PT\"><span>com o seu nome, o conte\u00fado do seu carrinho de compras<\/span><\/span><\/span><\/span><\/span><span lang=\"pt-PT\"> <\/span><span style=\"font-size: small;\"><span lang=\"pt-PT\">e a data da<\/span><\/span><span style=\"color: #0563c1;\"><span style=\"color: #000000;\"><span style=\"font-size: xx-small;\"><span lang=\"pt-PT\"><span> <\/span><\/span><\/span><\/span><\/span><span style=\"color: #0563c1;\"><span style=\"color: #000000;\"><span style=\"font-size: small;\"><span lang=\"pt-PT\"><span>encomenda.<\/span><\/span><\/span><\/span><\/span><span lang=\"pt-PT\"> <\/span><\/p>\n<p>[\/et_pb_toggle][et_pb_toggle title=&#8221;Como rastreio a entrega da minha encomenda?&#8221; open_toggle_text_color=&#8221;#000000&#8243; open_toggle_background_color=&#8221;#FFFFFF&#8221; closed_toggle_background_color=&#8221;rgba(226,226,226,0.32)&#8221; icon_color=&#8221;#293821&#8243; open_icon_color=&#8221;#293821&#8243; _builder_version=&#8221;4.13.0&#8243; _module_preset=&#8221;default&#8221; title_text_color=&#8221;#000000&#8243; title_font=&#8221;Mulish|||on|||||&#8221; body_font=&#8221;Shippori Mincho||||||||&#8221; body_line_height=&#8221;1em&#8221; global_colors_info=&#8221;{}&#8221;]<\/p>\n<p><span style=\"font-size: small;\"><span lang=\"pt-PT\">Quando a encomenda for confirmada, receber\u00e1 um e-mail com um link para acompanhar a sua entrega. Olhe para o seu spam, pode estar l\u00e1.<\/span><\/span><\/p>\n<p>[\/et_pb_toggle][et_pb_toggle title=&#8221;Como sei se a minha encomenda foi tomada em considera\u00e7\u00e3o? Se ela est\u00e1 a caminho? &#8221; open_toggle_text_color=&#8221;#000000&#8243; open_toggle_background_color=&#8221;#FFFFFF&#8221; closed_toggle_background_color=&#8221;rgba(226,226,226,0.32)&#8221; icon_color=&#8221;#293821&#8243; open_icon_color=&#8221;#293821&#8243; _builder_version=&#8221;4.13.0&#8243; _module_preset=&#8221;default&#8221; title_text_color=&#8221;#000000&#8243; title_font=&#8221;Mulish|||on|||||&#8221; body_font=&#8221;Shippori Mincho||||||||&#8221; body_line_height=&#8221;1em&#8221; global_colors_info=&#8221;{}&#8221;]<\/p>\n<p><span style=\"color: #000000;\"><span style=\"font-size: small;\"><span lang=\"pt-PT\">A sua encomenda foi tomada em considera\u00e7\u00e3o assim que recebeu um e-mail de confirma\u00e7\u00e3o de encomenda. Nesse mail est\u00e1 inserido um link para rastrear a encomenda.<\/span><\/span><\/span><\/p>\n<p>[\/et_pb_toggle][et_pb_toggle title=&#8221;O meu pedido est\u00e1 incompleto. O que fazer? &#8221; open_toggle_text_color=&#8221;#000000&#8243; open_toggle_background_color=&#8221;#FFFFFF&#8221; closed_toggle_background_color=&#8221;rgba(226,226,226,0.32)&#8221; icon_color=&#8221;#293821&#8243; open_icon_color=&#8221;#293821&#8243; _builder_version=&#8221;4.13.0&#8243; _module_preset=&#8221;default&#8221; title_text_color=&#8221;#000000&#8243; title_font=&#8221;Mulish|||on|||||&#8221; body_font=&#8221;Shippori Mincho||||||||&#8221; body_line_height=&#8221;1em&#8221; global_colors_info=&#8221;{}&#8221;]<\/p>\n<p><span style=\"font-size: small;\"><span lang=\"pt-PT\">Envie-nos um e-mail para <\/span><\/span><a href=\"mailto:clientsupport@quintasolana.com\"><span style=\"color: #0563c1;\"><u><span style=\"font-size: small;\"><span lang=\"pt-PT\"><i>clientsupport@quintasolana.com<\/i><\/span><\/span><\/u><\/span><span lang=\"pt-PT\"> <\/span><\/a><span style=\"color: #0563c1;\"><span style=\"color: #000000;\"><span style=\"font-size: small;\"><span lang=\"pt-PT\"><span>indicando o seu nome, <\/span><\/span><\/span><\/span><\/span><span style=\"font-size: small;\"><span lang=\"pt-PT\">o seu <\/span><\/span><span style=\"color: #0563c1;\"><span style=\"color: #000000;\"><span style=\"font-size: small;\"><span lang=\"pt-PT\"><span>n\u00famero de encomenda<\/span><\/span><\/span><\/span><\/span><span style=\"font-size: small;\"><span lang=\"pt-PT\"> e os produtos em<\/span><\/span><span style=\"color: #0563c1;\"><span style=\"color: #000000;\"><span style=\"font-size: small;\"><span lang=\"pt-PT\"><span> falta.<\/span><\/span><\/span><\/span><\/span><\/p>\n<p>[\/et_pb_toggle][et_pb_toggle title=&#8221;O meu pedido est\u00e1 danificado. E agora? &#8221; open_toggle_text_color=&#8221;#000000&#8243; open_toggle_background_color=&#8221;#FFFFFF&#8221; closed_toggle_background_color=&#8221;rgba(226,226,226,0.32)&#8221; icon_color=&#8221;#293821&#8243; open_icon_color=&#8221;#293821&#8243; _builder_version=&#8221;4.13.0&#8243; _module_preset=&#8221;default&#8221; title_text_color=&#8221;#000000&#8243; title_font=&#8221;Mulish|||on|||||&#8221; body_font=&#8221;Shippori Mincho||||||||&#8221; body_line_height=&#8221;1em&#8221; global_colors_info=&#8221;{}&#8221;]<\/p>\n<p><span style=\"color: #0563c1;\"><span style=\"color: #000000;\"><span style=\"font-size: small;\"><span lang=\"pt-PT\"><span>Envie-nos um e-mail para <\/span><\/span><\/span><\/span><\/span><a href=\"mailto:clientsupport@quintasolana.com\"><span style=\"color: #0563c1;\"><u><span style=\"font-size: small;\"><span lang=\"pt-PT\"><i>clientsupport@quintasolana.com<\/i><\/span><\/span><\/u><\/span><span style=\"color: #0563c1;\"><span style=\"color: #000000;\"><span style=\"font-size: small;\"><span lang=\"pt-PT\"><span> <\/span><\/span><\/span><\/span><\/span><\/a><span style=\"color: #0563c1;\"><span style=\"color: #000000;\"><span style=\"font-size: small;\"><span lang=\"pt-PT\"><span>com o seu nome, n\u00famero de encomenda e fotos do seu pacote e produtos danificados.<\/span><\/span><\/span><\/span><\/span><\/p>\n<p>[\/et_pb_toggle][et_pb_toggle title=&#8221;Posso ter um reembolso? &#8221; open_toggle_text_color=&#8221;#000000&#8243; open_toggle_background_color=&#8221;#FFFFFF&#8221; closed_toggle_background_color=&#8221;rgba(226,226,226,0.32)&#8221; icon_color=&#8221;#293821&#8243; open_icon_color=&#8221;#293821&#8243; _builder_version=&#8221;4.13.0&#8243; _module_preset=&#8221;default&#8221; title_text_color=&#8221;#000000&#8243; title_font=&#8221;Mulish|||on|||||&#8221; body_font=&#8221;Shippori Mincho||||||||&#8221; body_line_height=&#8221;1em&#8221; global_colors_info=&#8221;{}&#8221;]<\/p>\n<p lang=\"fr-FR\" align=\"justify\"><span style=\"font-family: New York, Times New Roman, serif;\"><span style=\"font-size: small;\"><span lang=\"pt-PT\">Assim que tiver exercido<\/span><span lang=\"pt-PT\"> o seu <\/span><span lang=\"pt-PT\">direito de rescis\u00e3o dentro dos limites das disposi\u00e7\u00f5es em vigor, a<\/span><span lang=\"pt-PT\"> QUINTA <\/span><span lang=\"pt-PT\"><span>SOLANA<\/span><\/span><span lang=\"pt-PT\"> <\/span><span lang=\"pt-PT\">\u00e9 obrigada <\/span><span lang=\"pt-PT\">a reembols\u00e1-lo por todos os montantes pagos, <\/span><span lang=\"pt-PT\">excluindo<\/span><span lang=\"pt-PT\"> <\/span><span lang=\"pt-PT\">os custos<\/span><span lang=\"pt-PT\"> de entrega <\/span><span lang=\"pt-PT\">no dia seguinte \u00e0 recupera\u00e7\u00e3o dos bens, uma vez atestado a boa rece\u00e7\u00e3o em bom estado dos produtos devolvidos.<\/span><span lang=\"pt-PT\"> <\/span><span lang=\"pt-PT\"> <\/span><\/span><\/span><\/p>\n<p lang=\"fr-FR\" align=\"justify\"><span style=\"font-family: New York, Times New Roman, serif;\"><span style=\"font-size: small;\"><span style=\"font-family: Shippori Mincho Medium, serif;\"><span lang=\"pt-PT\"><span>A menos de um acordo pr\u00e9vio entre si e a Quinta Solana, ser\u00e1 reembolsado pelos mesmos meios de pagamento escolhidos para a compra.<\/span><\/span><\/span><\/span><\/span><\/p>\n<p>[\/et_pb_toggle][et_pb_toggle title=&#8221;Posso devolver o meu pedido? &#8221; open_toggle_text_color=&#8221;#000000&#8243; open_toggle_background_color=&#8221;#FFFFFF&#8221; closed_toggle_background_color=&#8221;rgba(226,226,226,0.32)&#8221; icon_color=&#8221;#293821&#8243; open_icon_color=&#8221;#293821&#8243; _builder_version=&#8221;4.13.0&#8243; _module_preset=&#8221;default&#8221; title_text_color=&#8221;#000000&#8243; title_font=&#8221;Mulish|||on|||||&#8221; body_font=&#8221;Shippori Mincho||||||||&#8221; body_line_height=&#8221;1em&#8221; global_colors_info=&#8221;{}&#8221;]<\/p>\n<p><span style=\"font-size: small;\"><span lang=\"pt-PT\">Sim. Qualquer produto pode ser devolvido em estado novo nas suas embalagens originais. Consulte os Termos e Condi\u00e7\u00f5es de Venda da Quinta Solana <\/span><\/span><span style=\"font-size: small;\"><span lang=\"pt-PT\"><i>(\u00a711 \u2013 Direito de Devolvimento) <\/i><\/span><\/span><span style=\"font-size: small;\"><span lang=\"pt-PT\">para mais detalhes.<\/span><\/span><\/p>\n<p>[\/et_pb_toggle][et_pb_toggle title=&#8221;Como nos contactar?&#8221; open_toggle_text_color=&#8221;#000000&#8243; open_toggle_background_color=&#8221;#FFFFFF&#8221; closed_toggle_background_color=&#8221;rgba(226,226,226,0.32)&#8221; icon_color=&#8221;#293821&#8243; open_icon_color=&#8221;#293821&#8243; _builder_version=&#8221;4.13.0&#8243; _module_preset=&#8221;default&#8221; title_text_color=&#8221;#000000&#8243; title_font=&#8221;Mulish|||on|||||&#8221; body_font=&#8221;Shippori Mincho||||||||&#8221; body_line_height=&#8221;1em&#8221; global_colors_info=&#8221;{}&#8221;]<\/p>\n<p><span style=\"font-size: small;\"><span lang=\"pt-PT\">Se quiser solicitar informa\u00e7\u00f5es sobre um produto, fazer uma encomenda especial (&gt; a 30kg)<\/span><\/span><span lang=\"pt-PT\"> <\/span><span style=\"font-size: small;\"><span lang=\"pt-PT\">ou se for profissional,<\/span><\/span><span lang=\"pt-PT\"> <\/span><span style=\"font-size: small;\"><span lang=\"pt-PT\">contacte-nos<\/span><\/span><span lang=\"pt-PT\"> <\/span><span style=\"font-size: small;\"><span lang=\"pt-PT\">em<\/span><\/span><span lang=\"pt-PT\"> <\/span><span style=\"color: #0563c1;\"><u><a href=\"mailto:info@quinta-solana.com\"><span style=\"font-size: small;\"><span lang=\"pt-PT\">info@quinta-solana.com<\/span><\/span><\/a><\/u><\/span><span style=\"color: #0563c1;\"><span style=\"color: #000000;\"><span style=\"font-size: small;\"><span lang=\"pt-PT\"><span> ou preencha <\/span><\/span><\/span><\/span><\/span><span style=\"color: #0563c1;\"><u><a href=\"http:\/\/www.quintasolana.com\/pt-pt\/contate-nos\/\"><span style=\"font-size: small;\"><span lang=\"pt-PT\">o formul\u00e1rio de contato<\/span><\/span><\/a><\/u><\/span><span style=\"color: #0563c1;\"><span style=\"color: #000000;\"><span style=\"font-size: small;\"><span lang=\"pt-PT\"><span>.<\/span><\/span><\/span><\/span><\/span><\/p>\n<p><span style=\"font-size: small;\"><span lang=\"pt-PT\">Se tiver alguma d\u00favida ou reclama\u00e7\u00e3o sobre uma encomenda que tenha feito, contacte-nos em <\/span><\/span><span style=\"color: #0563c1;\"><u><a href=\"mailto:clientsupport@quintasolana.com\"><span style=\"font-size: small;\"><span lang=\"pt-PT\">clientsupport@quintasolana.com<\/span><\/span><\/a><\/u><\/span><\/p>\n<p><span style=\"font-size: small;\"><span lang=\"pt-PT\">Se quiser partilhar uma receita ou informa\u00e7\u00e3o sobre uma das nossas receitas, envie-nos as suas sugest\u00f5es culin\u00e1rias<\/span><\/span><span lang=\"pt-PT\"> <\/span><span style=\"font-size: small;\"><span lang=\"pt-PT\">ou fa\u00e7a as suas perguntas para<\/span><\/span><span lang=\"pt-PT\"> <\/span><span style=\"color: #0563c1;\"><u><a href=\"mailto:fooding@quintasolana.com\"><span style=\"font-size: small;\"><span lang=\"pt-PT\">fooding@quintasolana.com<\/span><\/span><\/a><\/u><\/span><\/p>\n<p>[\/et_pb_toggle][\/et_pb_column][\/et_pb_row][\/et_pb_section]<\/p>\n","protected":false},"excerpt":{"rendered":"<p>PREGUNTAS FREQUENTESAtualmente entregamos na Fran\u00e7a metropolitana, B\u00e9lgica, Luxemburgo, Holanda, Alemanha, Su\u00e9cia\u00a0e Portugal continental. Para qualquer outro destino, envie-nos um e-mail para info@quintasolana.com ou contacte-nos atrav\u00e9s do formul\u00e1rio de contacto. \u00c9 prov\u00e1vel que n\u00e3o tenhamos recebido a confirma\u00e7\u00e3o do pagamento da encomenda. Se recebeu um e-mail de confirma\u00e7\u00e3o de pagamento, por favor envie-nos uma mensagem para [&hellip;]<\/p>\n","protected":false},"author":1,"featured_media":0,"parent":0,"menu_order":0,"comment_status":"closed","ping_status":"closed","template":"","meta":{"_et_pb_use_builder":"on","_et_pb_old_content":"","_et_gb_content_width":"","footnotes":""},"class_list":["post-243417","page","type-page","status-publish","hentry"],"yoast_head":"<!-- This site is optimized with the Yoast SEO plugin v27.5 - https:\/\/yoast.com\/product\/yoast-seo-wordpress\/ -->\n<title>PREGUNTAS FREQUENTES - Quinta Solana<\/title>\n<meta name=\"robots\" content=\"index, follow, max-snippet:-1, max-image-preview:large, max-video-preview:-1\" \/>\n<link rel=\"canonical\" href=\"https:\/\/quintasolana.com\/pt-pt\/preguntas-frequentes\/\" \/>\n<meta property=\"og:locale\" content=\"pt_PT\" \/>\n<meta property=\"og:type\" content=\"article\" \/>\n<meta property=\"og:title\" content=\"PREGUNTAS FREQUENTES - Quinta Solana\" \/>\n<meta property=\"og:description\" content=\"PREGUNTAS FREQUENTESAtualmente entregamos na Fran\u00e7a metropolitana, B\u00e9lgica, Luxemburgo, Holanda, Alemanha, Su\u00e9cia\u00a0e Portugal continental. Para qualquer outro destino, envie-nos um e-mail para info@quintasolana.com ou contacte-nos atrav\u00e9s do formul\u00e1rio de contacto. \u00c9 prov\u00e1vel que n\u00e3o tenhamos recebido a confirma\u00e7\u00e3o do pagamento da encomenda. Se recebeu um e-mail de confirma\u00e7\u00e3o de pagamento, por favor envie-nos uma mensagem para [&hellip;]\" \/>\n<meta property=\"og:url\" content=\"https:\/\/quintasolana.com\/pt-pt\/preguntas-frequentes\/\" \/>\n<meta property=\"og:site_name\" content=\"Quinta Solana\" \/>\n<meta property=\"article:modified_time\" content=\"2021-11-16T20:19:38+00:00\" \/>\n<meta name=\"twitter:card\" content=\"summary_large_image\" \/>\n<meta name=\"twitter:label1\" content=\"Tempo estimado de leitura\" \/>\n\t<meta name=\"twitter:data1\" content=\"5 minutos\" \/>\n<script type=\"application\/ld+json\" class=\"yoast-schema-graph\">{\"@context\":\"https:\\\/\\\/schema.org\",\"@graph\":[{\"@type\":\"WebPage\",\"@id\":\"https:\\\/\\\/quintasolana.com\\\/pt-pt\\\/preguntas-frequentes\\\/\",\"url\":\"https:\\\/\\\/quintasolana.com\\\/pt-pt\\\/preguntas-frequentes\\\/\",\"name\":\"PREGUNTAS FREQUENTES - Quinta Solana\",\"isPartOf\":{\"@id\":\"https:\\\/\\\/quintasolana.com\\\/pt-pt\\\/#website\"},\"datePublished\":\"2021-09-20T07:41:02+00:00\",\"dateModified\":\"2021-11-16T20:19:38+00:00\",\"breadcrumb\":{\"@id\":\"https:\\\/\\\/quintasolana.com\\\/pt-pt\\\/preguntas-frequentes\\\/#breadcrumb\"},\"inLanguage\":\"pt-PT\",\"potentialAction\":[{\"@type\":\"ReadAction\",\"target\":[\"https:\\\/\\\/quintasolana.com\\\/pt-pt\\\/preguntas-frequentes\\\/\"]}]},{\"@type\":\"BreadcrumbList\",\"@id\":\"https:\\\/\\\/quintasolana.com\\\/pt-pt\\\/preguntas-frequentes\\\/#breadcrumb\",\"itemListElement\":[{\"@type\":\"ListItem\",\"position\":1,\"name\":\"Accueil\",\"item\":\"https:\\\/\\\/quintasolana.com\\\/pt-pt\\\/\"},{\"@type\":\"ListItem\",\"position\":2,\"name\":\"PREGUNTAS FREQUENTES\"}]},{\"@type\":\"WebSite\",\"@id\":\"https:\\\/\\\/quintasolana.com\\\/pt-pt\\\/#website\",\"url\":\"https:\\\/\\\/quintasolana.com\\\/pt-pt\\\/\",\"name\":\"Quinta Solana\",\"description\":\"Le fruit du soleil\",\"potentialAction\":[{\"@type\":\"SearchAction\",\"target\":{\"@type\":\"EntryPoint\",\"urlTemplate\":\"https:\\\/\\\/quintasolana.com\\\/pt-pt\\\/?s={search_term_string}\"},\"query-input\":{\"@type\":\"PropertyValueSpecification\",\"valueRequired\":true,\"valueName\":\"search_term_string\"}}],\"inLanguage\":\"pt-PT\"}]}<\/script>\n<!-- \/ Yoast SEO plugin. -->","yoast_head_json":{"title":"PREGUNTAS FREQUENTES - Quinta Solana","robots":{"index":"index","follow":"follow","max-snippet":"max-snippet:-1","max-image-preview":"max-image-preview:large","max-video-preview":"max-video-preview:-1"},"canonical":"https:\/\/quintasolana.com\/pt-pt\/preguntas-frequentes\/","og_locale":"pt_PT","og_type":"article","og_title":"PREGUNTAS FREQUENTES - Quinta Solana","og_description":"PREGUNTAS FREQUENTESAtualmente entregamos na Fran\u00e7a metropolitana, B\u00e9lgica, Luxemburgo, Holanda, Alemanha, Su\u00e9cia\u00a0e Portugal continental. Para qualquer outro destino, envie-nos um e-mail para info@quintasolana.com ou contacte-nos atrav\u00e9s do formul\u00e1rio de contacto. \u00c9 prov\u00e1vel que n\u00e3o tenhamos recebido a confirma\u00e7\u00e3o do pagamento da encomenda. Se recebeu um e-mail de confirma\u00e7\u00e3o de pagamento, por favor envie-nos uma mensagem para [&hellip;]","og_url":"https:\/\/quintasolana.com\/pt-pt\/preguntas-frequentes\/","og_site_name":"Quinta Solana","article_modified_time":"2021-11-16T20:19:38+00:00","twitter_card":"summary_large_image","twitter_misc":{"Tempo estimado de leitura":"5 minutos"},"schema":{"@context":"https:\/\/schema.org","@graph":[{"@type":"WebPage","@id":"https:\/\/quintasolana.com\/pt-pt\/preguntas-frequentes\/","url":"https:\/\/quintasolana.com\/pt-pt\/preguntas-frequentes\/","name":"PREGUNTAS FREQUENTES - Quinta Solana","isPartOf":{"@id":"https:\/\/quintasolana.com\/pt-pt\/#website"},"datePublished":"2021-09-20T07:41:02+00:00","dateModified":"2021-11-16T20:19:38+00:00","breadcrumb":{"@id":"https:\/\/quintasolana.com\/pt-pt\/preguntas-frequentes\/#breadcrumb"},"inLanguage":"pt-PT","potentialAction":[{"@type":"ReadAction","target":["https:\/\/quintasolana.com\/pt-pt\/preguntas-frequentes\/"]}]},{"@type":"BreadcrumbList","@id":"https:\/\/quintasolana.com\/pt-pt\/preguntas-frequentes\/#breadcrumb","itemListElement":[{"@type":"ListItem","position":1,"name":"Accueil","item":"https:\/\/quintasolana.com\/pt-pt\/"},{"@type":"ListItem","position":2,"name":"PREGUNTAS FREQUENTES"}]},{"@type":"WebSite","@id":"https:\/\/quintasolana.com\/pt-pt\/#website","url":"https:\/\/quintasolana.com\/pt-pt\/","name":"Quinta Solana","description":"Le fruit du soleil","potentialAction":[{"@type":"SearchAction","target":{"@type":"EntryPoint","urlTemplate":"https:\/\/quintasolana.com\/pt-pt\/?s={search_term_string}"},"query-input":{"@type":"PropertyValueSpecification","valueRequired":true,"valueName":"search_term_string"}}],"inLanguage":"pt-PT"}]}},"_links":{"self":[{"href":"https:\/\/quintasolana.com\/pt-pt\/wp-json\/wp\/v2\/pages\/243417","targetHints":{"allow":["GET"]}}],"collection":[{"href":"https:\/\/quintasolana.com\/pt-pt\/wp-json\/wp\/v2\/pages"}],"about":[{"href":"https:\/\/quintasolana.com\/pt-pt\/wp-json\/wp\/v2\/types\/page"}],"author":[{"embeddable":true,"href":"https:\/\/quintasolana.com\/pt-pt\/wp-json\/wp\/v2\/users\/1"}],"replies":[{"embeddable":true,"href":"https:\/\/quintasolana.com\/pt-pt\/wp-json\/wp\/v2\/comments?post=243417"}],"version-history":[{"count":8,"href":"https:\/\/quintasolana.com\/pt-pt\/wp-json\/wp\/v2\/pages\/243417\/revisions"}],"predecessor-version":[{"id":245271,"href":"https:\/\/quintasolana.com\/pt-pt\/wp-json\/wp\/v2\/pages\/243417\/revisions\/245271"}],"wp:attachment":[{"href":"https:\/\/quintasolana.com\/pt-pt\/wp-json\/wp\/v2\/media?parent=243417"}],"curies":[{"name":"wp","href":"https:\/\/api.w.org\/{rel}","templated":true}]}}