{"id":243352,"date":"2021-09-13T13:35:11","date_gmt":"2021-09-13T11:35:11","guid":{"rendered":"https:\/\/quintasolana.com\/contate-nos\/"},"modified":"2021-11-01T11:50:56","modified_gmt":"2021-11-01T10:50:56","slug":"contate-nos","status":"publish","type":"page","link":"https:\/\/quintasolana.com\/pt-pt\/contate-nos\/","title":{"rendered":"Contate-nos"},"content":{"rendered":"<p>[et_pb_section fb_built=&#8221;1&#8243; _builder_version=&#8221;4.10.6&#8243; _module_preset=&#8221;default&#8221; custom_padding=&#8221;||29px|||&#8221; global_colors_info=&#8221;{}&#8221;][et_pb_row _builder_version=&#8221;4.10.6&#8243; _module_preset=&#8221;default&#8221; custom_margin=&#8221;0px|auto|0px|41px|false|false&#8221; custom_padding=&#8221;||43px|||&#8221; locked=&#8221;off&#8221; global_colors_info=&#8221;{}&#8221;][et_pb_column type=&#8221;4_4&#8243; _builder_version=&#8221;4.9.9&#8243; _module_preset=&#8221;default&#8221; global_colors_info=&#8221;{}&#8221;][et_pb_text _builder_version=&#8221;4.11.1&#8243; _module_preset=&#8221;default&#8221; text_font=&#8221;Montserrat||||||||&#8221; text_text_color=&#8221;rgba(0,0,0,0.33)&#8221; text_font_size=&#8221;13px&#8221; link_text_color=&#8221;rgba(0,0,0,0.26)&#8221; custom_margin=&#8221;-9px|||||&#8221; global_colors_info=&#8221;{}&#8221;]<\/p>\n<p class=\"p1\" style=\"font-family: mulish;\">INICIAL \/ Contate nos<\/p>\n<p>[\/et_pb_text][\/et_pb_column][\/et_pb_row][et_pb_row _builder_version=&#8221;4.9.7&#8243; _module_preset=&#8221;default&#8221; width=&#8221;120%&#8221; max_width=&#8221;100%&#8221; custom_padding=&#8221;0px||35px|||&#8221; locked=&#8221;off&#8221; global_colors_info=&#8221;{}&#8221;][et_pb_column type=&#8221;4_4&#8243; _builder_version=&#8221;4.9.7&#8243; _module_preset=&#8221;default&#8221; global_colors_info=&#8221;{}&#8221;][et_pb_divider divider_weight=&#8221;0px&#8221; _builder_version=&#8221;4.11.1&#8243; _module_preset=&#8221;default&#8221; background_image=&#8221;https:\/\/quintasolana.com\/wp-content\/uploads\/2021\/07\/flor-saurina-xWijL2q3xAM-unsplash-scaled.jpg&#8221; parallax=&#8221;on&#8221; width=&#8221;100%&#8221; min_height=&#8221;149px&#8221; min_height_tablet=&#8221;&#8221; min_height_phone=&#8221;100px&#8221; min_height_last_edited=&#8221;on|phone&#8221; custom_padding=&#8221;||25px|||&#8221; global_colors_info=&#8221;{}&#8221;][\/et_pb_divider][\/et_pb_column][\/et_pb_row][et_pb_row _builder_version=&#8221;4.9.10&#8243; _module_preset=&#8221;default&#8221; custom_padding=&#8221;||48px|||&#8221; global_colors_info=&#8221;{}&#8221;][et_pb_column type=&#8221;4_4&#8243; _builder_version=&#8221;4.9.10&#8243; _module_preset=&#8221;default&#8221; global_colors_info=&#8221;{}&#8221;][et_pb_text content_tablet=&#8221;&#8221; content_phone=&#8221;<\/p>\n<p style=%22text-align: center; font-weight: 300; font-size: 2rem; padding-top; line-height: 1Rem;%22>CONTATE-NOS<\/p>\n<p style=%22text-align: center; font-size: 1rem; font-weight: 100; line-height: 1.6rem;%22>Precisa de ajuda ? Tem uma pergunta sobre sua entrega ? Sobre sur encomenda ? Sobre os nosso produtos ?<br \/>Por favor, preencha o formul\u00e1rio abaixo e a nossa equipa entrar\u00e1 em contato consigo o mais r\u00e1pido poss\u00edvel.<\/p>\n<p>&#8221; content_last_edited=&#8221;on|phone&#8221; _builder_version=&#8221;4.11.1&#8243; _module_preset=&#8221;default&#8221; text_text_color=&#8221;#293821&#8243; width=&#8221;61%&#8221; width_tablet=&#8221;&#8221; width_phone=&#8221;100%&#8221; width_last_edited=&#8221;on|phone&#8221; custom_margin=&#8221;|||-35px|false|false&#8221; custom_margin_tablet=&#8221;&#8221; custom_margin_phone=&#8221;|||0px|false|false&#8221; custom_margin_last_edited=&#8221;on|phone&#8221; text_line_height_tablet=&#8221;&#8221; text_line_height_phone=&#8221;1em&#8221; text_line_height_last_edited=&#8221;on|phone&#8221; global_colors_info=&#8221;{}&#8221;]<\/p>\n<p style=\"text-align: left; font-weight: 300; font-size: 2rem; padding-top; line-height: 1Rem;\">CONTATE-NOS<\/p>\n<p style=\"text-align: left; font-size: 1rem; font-weight: 100; line-height: 1.6rem;\">Precisa de ajuda ? Tem uma pergunta sobre sua entrega ?Sobre sur encomenda ?Sobre os nosso produtos ?<br \/>Por favor, preencha o formul\u00e1rio abaixo e a nossa equipa entrar\u00e1 em contato consigo o mais r\u00e1pido poss\u00edvel.<\/p>\n<p>[\/et_pb_text][\/et_pb_column][\/et_pb_row][et_pb_row column_structure=&#8221;1_4,3_4&#8243; _builder_version=&#8221;4.9.10&#8243; _module_preset=&#8221;default&#8221; global_colors_info=&#8221;{}&#8221;][et_pb_column type=&#8221;1_4&#8243; _builder_version=&#8221;4.9.10&#8243; _module_preset=&#8221;default&#8221; global_colors_info=&#8221;{}&#8221;][et_pb_text _builder_version=&#8221;4.11.1&#8243; _module_preset=&#8221;default&#8221; text_text_color=&#8221;rgba(41,56,33,0.76)&#8221; text_line_height=&#8221;1em&#8221; link_text_color=&#8221;#293821&#8243; custom_margin=&#8221;|||-33px|false|false&#8221; custom_margin_tablet=&#8221;&#8221; custom_margin_phone=&#8221;|||0px|false|false&#8221; custom_margin_last_edited=&#8221;on|phone&#8221; text_orientation_tablet=&#8221;&#8221; text_orientation_phone=&#8221;center&#8221; text_orientation_last_edited=&#8221;on|phone&#8221; global_colors_info=&#8221;{}&#8221;]<\/p>\n<h2 style=\"font-family: mulish; font-size: 1.1rem; font-weight: 400; line-height: 1.3;\">QUINTA SOLANA<\/h2>\n<p style=\"font-family: mulish; font-size: 1.1rem; font-weight: 300; line-height: 1.3;\">Largo do adro, 10 Serpa-Brinches 7830-114, Portugal<br \/><a href=\"mailto:info@quintasolana.com\">info@quintasolana.com<\/a><\/p>\n<p>[\/et_pb_text][et_pb_social_media_follow _builder_version=&#8221;4.12.0&#8243; _module_preset=&#8221;default&#8221; text_orientation=&#8221;left&#8221; custom_margin=&#8221;-19px|||-44px|false|false&#8221; custom_margin_tablet=&#8221;&#8221; custom_margin_phone=&#8221;-19px|||0px|false|false&#8221; custom_margin_last_edited=&#8221;on|phone&#8221; hover_enabled=&#8221;0&#8243; text_orientation_tablet=&#8221;&#8221; text_orientation_phone=&#8221;center&#8221; text_orientation_last_edited=&#8221;on|phone&#8221; global_colors_info=&#8221;{}&#8221; sticky_enabled=&#8221;0&#8243;][et_pb_social_media_follow_network social_network=&#8221;facebook&#8221; url=&#8221;https:\/\/www.facebook.com\/Quinta-Solana-103489918696074\/&#8221; icon_color=&#8221;#000000&#8243; _builder_version=&#8221;4.12.0&#8243; _module_preset=&#8221;default&#8221; background_enable_color=&#8221;off&#8221; hover_enabled=&#8221;0&#8243; global_colors_info=&#8221;{}&#8221; follow_button=&#8221;off&#8221; url_new_window=&#8221;on&#8221; sticky_enabled=&#8221;0&#8243;]facebook[\/et_pb_social_media_follow_network][et_pb_social_media_follow_network social_network=&#8221;instagram&#8221; url=&#8221;https:\/\/www.instagram.com\/quintasolana\/&#8221; icon_color=&#8221;#000000&#8243; _builder_version=&#8221;4.12.0&#8243; _module_preset=&#8221;default&#8221; background_enable_color=&#8221;off&#8221; global_colors_info=&#8221;{}&#8221; follow_button=&#8221;off&#8221; url_new_window=&#8221;on&#8221;]instagram[\/et_pb_social_media_follow_network][et_pb_social_media_follow_network social_network=&#8221;pinterest&#8221; url=&#8221;https:\/\/www.pinterest.fr\/QuintaSolana\/&#8221; icon_color=&#8221;#000000&#8243; _builder_version=&#8221;4.12.0&#8243; _module_preset=&#8221;default&#8221; background_enable_color=&#8221;off&#8221; global_colors_info=&#8221;{}&#8221; follow_button=&#8221;off&#8221; url_new_window=&#8221;on&#8221;]pinterest[\/et_pb_social_media_follow_network][et_pb_social_media_follow_network social_network=&#8221;linkedin&#8221; url=&#8221;https:\/\/www.linkedin.com\/company\/quinta-solana&#8221; icon_color=&#8221;#000000&#8243; _builder_version=&#8221;4.12.0&#8243; _module_preset=&#8221;default&#8221; background_enable_color=&#8221;off&#8221; global_colors_info=&#8221;{}&#8221; follow_button=&#8221;off&#8221; url_new_window=&#8221;on&#8221;]linkedin[\/et_pb_social_media_follow_network][\/et_pb_social_media_follow][\/et_pb_column][et_pb_column type=&#8221;3_4&#8243; _builder_version=&#8221;4.9.10&#8243; _module_preset=&#8221;default&#8221; global_colors_info=&#8221;{}&#8221;][et_pb_contact_form email=&#8221;info@quintasolana.com&#8221; success_message=&#8221;Mensagem enviada !&#8221; submit_button_text=&#8221;ENVIAR&#8221; _builder_version=&#8221;4.9.10&#8243; _module_preset=&#8221;default&#8221; form_field_background_color=&#8221;RGBA(0,0,0,0)&#8221; form_field_text_color=&#8221;#000000&#8243; captcha_font=&#8221;Montserrat||||||||&#8221; captcha_font_size=&#8221;14px&#8221; captcha_letter_spacing=&#8221;6px&#8221; custom_button=&#8221;on&#8221; button_text_size=&#8221;16px&#8221; button_text_color=&#8221;#000000&#8243; button_font=&#8221;Montserrat||||||||&#8221; border_radii=&#8221;on|1px|1px|1px|1px&#8221; border_width_all=&#8221;1px&#8221; border_color_all=&#8221;#000000&#8243; border_style_all=&#8221;groove&#8221; global_colors_info=&#8221;{}&#8221;][et_pb_contact_field field_id=&#8221;Zone&#8221; field_title=&#8221;\u00c9&#8221; field_type=&#8221;select&#8221; select_options=&#8221;%91{%22value%22:%22UMA PESSOA F\u00cdSICA%22,%22checked%22:0,%22dragID%22:-1},{%22value%22:%22UM PROFISSIONAL%22,%22checked%22:0,%22dragID%22:0}%93&#8243; required_mark=&#8221;off&#8221; _builder_version=&#8221;4.9.10&#8243; _module_preset=&#8221;default&#8221; form_field_font=&#8221;Montserrat||||||||&#8221; form_field_font_size=&#8221;12px&#8221; custom_margin=&#8221;0px||||false|false&#8221; custom_padding=&#8221;1px||||false|false&#8221; global_colors_info=&#8221;{}&#8221;][\/et_pb_contact_field][et_pb_contact_field field_id=&#8221;T\u00c9L&#8221; field_title=&#8221;TELEFONE&#8221; _builder_version=&#8221;4.9.10&#8243; _module_preset=&#8221;default&#8221; form_field_font=&#8221;Montserrat||||||||&#8221; form_field_font_size=&#8221;12px&#8221; global_colors_info=&#8221;{}&#8221;][\/et_pb_contact_field][et_pb_contact_field field_id=&#8221;Nom&#8221; field_title=&#8221;APELIDO E NOME *&#8221; max_length=&#8221;59&#8243; _builder_version=&#8221;4.9.10&#8243; form_field_font=&#8221;Montserrat||||||||&#8221; form_field_font_size=&#8221;12px&#8221; global_colors_info=&#8221;{}&#8221; button_text_size__hover_enabled=&#8221;off&#8221; button_one_text_size__hover_enabled=&#8221;off&#8221; button_two_text_size__hover_enabled=&#8221;off&#8221; button_text_color__hover_enabled=&#8221;off&#8221; button_one_text_color__hover_enabled=&#8221;off&#8221; button_two_text_color__hover_enabled=&#8221;off&#8221; button_border_width__hover_enabled=&#8221;off&#8221; button_one_border_width__hover_enabled=&#8221;off&#8221; button_two_border_width__hover_enabled=&#8221;off&#8221; button_border_color__hover_enabled=&#8221;off&#8221; button_one_border_color__hover_enabled=&#8221;off&#8221; button_two_border_color__hover_enabled=&#8221;off&#8221; button_border_radius__hover_enabled=&#8221;off&#8221; button_one_border_radius__hover_enabled=&#8221;off&#8221; button_two_border_radius__hover_enabled=&#8221;off&#8221; button_letter_spacing__hover_enabled=&#8221;off&#8221; button_one_letter_spacing__hover_enabled=&#8221;off&#8221; button_two_letter_spacing__hover_enabled=&#8221;off&#8221; button_bg_color__hover_enabled=&#8221;off&#8221; button_one_bg_color__hover_enabled=&#8221;off&#8221; button_two_bg_color__hover_enabled=&#8221;off&#8221;][\/et_pb_contact_field][et_pb_contact_field field_id=&#8221;Email&#8221; field_title=&#8221;E-MAIL*&#8221; field_type=&#8221;email&#8221; _builder_version=&#8221;4.9.10&#8243; form_field_font=&#8221;Montserrat||||||||&#8221; form_field_font_size=&#8221;12px&#8221; global_colors_info=&#8221;{}&#8221; button_text_size__hover_enabled=&#8221;off&#8221; button_one_text_size__hover_enabled=&#8221;off&#8221; button_two_text_size__hover_enabled=&#8221;off&#8221; button_text_color__hover_enabled=&#8221;off&#8221; button_one_text_color__hover_enabled=&#8221;off&#8221; button_two_text_color__hover_enabled=&#8221;off&#8221; button_border_width__hover_enabled=&#8221;off&#8221; button_one_border_width__hover_enabled=&#8221;off&#8221; button_two_border_width__hover_enabled=&#8221;off&#8221; button_border_color__hover_enabled=&#8221;off&#8221; button_one_border_color__hover_enabled=&#8221;off&#8221; button_two_border_color__hover_enabled=&#8221;off&#8221; button_border_radius__hover_enabled=&#8221;off&#8221; button_one_border_radius__hover_enabled=&#8221;off&#8221; button_two_border_radius__hover_enabled=&#8221;off&#8221; button_letter_spacing__hover_enabled=&#8221;off&#8221; button_one_letter_spacing__hover_enabled=&#8221;off&#8221; button_two_letter_spacing__hover_enabled=&#8221;off&#8221; button_bg_color__hover_enabled=&#8221;off&#8221; button_one_bg_color__hover_enabled=&#8221;off&#8221; button_two_bg_color__hover_enabled=&#8221;off&#8221;][\/et_pb_contact_field][et_pb_contact_field field_id=&#8221;SUJET&#8221; field_title=&#8221;SELECIONE O ASSUNTO DA SUA MENSAGEM *&#8221; field_type=&#8221;select&#8221; select_options=&#8221;%91{%22value%22:%22PEDIDO DE INFORMA\u00c7\u00c3O%22,%22checked%22:0,%22dragID%22:-1},{%22value%22:%22PERGUNTAS SOBRE PRODUTOS%22,%22checked%22:0,%22dragID%22:0},{%22value%22:%22PEDIDO DE OR\u00c7AMENTO%22,%22checked%22:0,%22dragID%22:1},{%22dragID%22:2,%22value%22:%22OUTRO ASSUNTO%22,%22checked%22:0}%93&#8243; fullwidth_field=&#8221;on&#8221; _builder_version=&#8221;4.9.10&#8243; _module_preset=&#8221;default&#8221; form_field_font=&#8221;Montserrat||||||||&#8221; form_field_font_size=&#8221;12px&#8221; global_colors_info=&#8221;{}&#8221;][\/et_pb_contact_field][et_pb_contact_field field_id=&#8221;Message&#8221; field_title=&#8221;MENSAGEM *&#8221; field_type=&#8221;text&#8221; fullwidth_field=&#8221;on&#8221; _builder_version=&#8221;4.9.10&#8243; form_field_font=&#8221;Montserrat||||||||&#8221; form_field_font_size=&#8221;12px&#8221; global_colors_info=&#8221;{}&#8221; button_text_size__hover_enabled=&#8221;off&#8221; button_one_text_size__hover_enabled=&#8221;off&#8221; button_two_text_size__hover_enabled=&#8221;off&#8221; button_text_color__hover_enabled=&#8221;off&#8221; button_one_text_color__hover_enabled=&#8221;off&#8221; button_two_text_color__hover_enabled=&#8221;off&#8221; button_border_width__hover_enabled=&#8221;off&#8221; button_one_border_width__hover_enabled=&#8221;off&#8221; button_two_border_width__hover_enabled=&#8221;off&#8221; button_border_color__hover_enabled=&#8221;off&#8221; button_one_border_color__hover_enabled=&#8221;off&#8221; button_two_border_color__hover_enabled=&#8221;off&#8221; button_border_radius__hover_enabled=&#8221;off&#8221; button_one_border_radius__hover_enabled=&#8221;off&#8221; button_two_border_radius__hover_enabled=&#8221;off&#8221; button_letter_spacing__hover_enabled=&#8221;off&#8221; button_one_letter_spacing__hover_enabled=&#8221;off&#8221; button_two_letter_spacing__hover_enabled=&#8221;off&#8221; button_bg_color__hover_enabled=&#8221;off&#8221; button_one_bg_color__hover_enabled=&#8221;off&#8221; button_two_bg_color__hover_enabled=&#8221;off&#8221;][\/et_pb_contact_field][\/et_pb_contact_form][\/et_pb_column][\/et_pb_row][\/et_pb_section]<\/p>\n","protected":false},"excerpt":{"rendered":"<p>INICIAL \/ Contate nosCONTATE-NOS Precisa de ajuda ? Tem uma pergunta sobre sua entrega ?Sobre sur encomenda ?Sobre os nosso produtos ?Por favor, preencha o formul\u00e1rio abaixo e a nossa equipa entrar\u00e1 em contato consigo o mais r\u00e1pido poss\u00edvel.QUINTA SOLANA Largo do adro, 10 Serpa-Brinches 7830-114, Portugalinfo@quintasolana.com<\/p>\n","protected":false},"author":1,"featured_media":0,"parent":0,"menu_order":0,"comment_status":"closed","ping_status":"closed","template":"","meta":{"_et_pb_use_builder":"on","_et_pb_old_content":"","_et_gb_content_width":"","footnotes":""},"class_list":["post-243352","page","type-page","status-publish","hentry"],"yoast_head":"<!-- This site is optimized with the Yoast SEO plugin v27.3 - https:\/\/yoast.com\/product\/yoast-seo-wordpress\/ -->\n<title>Contate-nos - Quinta Solana<\/title>\n<meta name=\"robots\" content=\"index, follow, max-snippet:-1, max-image-preview:large, max-video-preview:-1\" \/>\n<link rel=\"canonical\" href=\"https:\/\/quintasolana.com\/pt-pt\/contate-nos\/\" \/>\n<meta property=\"og:locale\" content=\"pt_PT\" \/>\n<meta property=\"og:type\" content=\"article\" \/>\n<meta property=\"og:title\" content=\"Contate-nos - Quinta Solana\" \/>\n<meta property=\"og:description\" content=\"INICIAL \/ Contate nosCONTATE-NOS Precisa de ajuda ? Tem uma pergunta sobre sua entrega ?Sobre sur encomenda ?Sobre os nosso produtos ?Por favor, preencha o formul\u00e1rio abaixo e a nossa equipa entrar\u00e1 em contato consigo o mais r\u00e1pido poss\u00edvel.QUINTA SOLANA Largo do adro, 10 Serpa-Brinches 7830-114, Portugalinfo@quintasolana.com\" \/>\n<meta property=\"og:url\" content=\"https:\/\/quintasolana.com\/pt-pt\/contate-nos\/\" \/>\n<meta property=\"og:site_name\" content=\"Quinta Solana\" \/>\n<meta property=\"article:modified_time\" content=\"2021-11-01T10:50:56+00:00\" \/>\n<meta name=\"twitter:card\" content=\"summary_large_image\" \/>\n<meta name=\"twitter:label1\" content=\"Tempo estimado de leitura\" \/>\n\t<meta name=\"twitter:data1\" content=\"7 minutos\" \/>\n<script type=\"application\/ld+json\" class=\"yoast-schema-graph\">{\"@context\":\"https:\\\/\\\/schema.org\",\"@graph\":[{\"@type\":\"WebPage\",\"@id\":\"https:\\\/\\\/quintasolana.com\\\/pt-pt\\\/contate-nos\\\/\",\"url\":\"https:\\\/\\\/quintasolana.com\\\/pt-pt\\\/contate-nos\\\/\",\"name\":\"Contate-nos - Quinta Solana\",\"isPartOf\":{\"@id\":\"https:\\\/\\\/quintasolana.com\\\/pt-pt\\\/#website\"},\"datePublished\":\"2021-09-13T11:35:11+00:00\",\"dateModified\":\"2021-11-01T10:50:56+00:00\",\"breadcrumb\":{\"@id\":\"https:\\\/\\\/quintasolana.com\\\/pt-pt\\\/contate-nos\\\/#breadcrumb\"},\"inLanguage\":\"pt-PT\",\"potentialAction\":[{\"@type\":\"ReadAction\",\"target\":[\"https:\\\/\\\/quintasolana.com\\\/pt-pt\\\/contate-nos\\\/\"]}]},{\"@type\":\"BreadcrumbList\",\"@id\":\"https:\\\/\\\/quintasolana.com\\\/pt-pt\\\/contate-nos\\\/#breadcrumb\",\"itemListElement\":[{\"@type\":\"ListItem\",\"position\":1,\"name\":\"Accueil\",\"item\":\"https:\\\/\\\/quintasolana.com\\\/pt-pt\\\/\"},{\"@type\":\"ListItem\",\"position\":2,\"name\":\"Contate-nos\"}]},{\"@type\":\"WebSite\",\"@id\":\"https:\\\/\\\/quintasolana.com\\\/pt-pt\\\/#website\",\"url\":\"https:\\\/\\\/quintasolana.com\\\/pt-pt\\\/\",\"name\":\"Quinta Solana\",\"description\":\"Le fruit du soleil\",\"potentialAction\":[{\"@type\":\"SearchAction\",\"target\":{\"@type\":\"EntryPoint\",\"urlTemplate\":\"https:\\\/\\\/quintasolana.com\\\/pt-pt\\\/?s={search_term_string}\"},\"query-input\":{\"@type\":\"PropertyValueSpecification\",\"valueRequired\":true,\"valueName\":\"search_term_string\"}}],\"inLanguage\":\"pt-PT\"}]}<\/script>\n<!-- \/ Yoast SEO plugin. -->","yoast_head_json":{"title":"Contate-nos - Quinta Solana","robots":{"index":"index","follow":"follow","max-snippet":"max-snippet:-1","max-image-preview":"max-image-preview:large","max-video-preview":"max-video-preview:-1"},"canonical":"https:\/\/quintasolana.com\/pt-pt\/contate-nos\/","og_locale":"pt_PT","og_type":"article","og_title":"Contate-nos - Quinta Solana","og_description":"INICIAL \/ Contate nosCONTATE-NOS Precisa de ajuda ? Tem uma pergunta sobre sua entrega ?Sobre sur encomenda ?Sobre os nosso produtos ?Por favor, preencha o formul\u00e1rio abaixo e a nossa equipa entrar\u00e1 em contato consigo o mais r\u00e1pido poss\u00edvel.QUINTA SOLANA Largo do adro, 10 Serpa-Brinches 7830-114, Portugalinfo@quintasolana.com","og_url":"https:\/\/quintasolana.com\/pt-pt\/contate-nos\/","og_site_name":"Quinta Solana","article_modified_time":"2021-11-01T10:50:56+00:00","twitter_card":"summary_large_image","twitter_misc":{"Tempo estimado de leitura":"7 minutos"},"schema":{"@context":"https:\/\/schema.org","@graph":[{"@type":"WebPage","@id":"https:\/\/quintasolana.com\/pt-pt\/contate-nos\/","url":"https:\/\/quintasolana.com\/pt-pt\/contate-nos\/","name":"Contate-nos - Quinta Solana","isPartOf":{"@id":"https:\/\/quintasolana.com\/pt-pt\/#website"},"datePublished":"2021-09-13T11:35:11+00:00","dateModified":"2021-11-01T10:50:56+00:00","breadcrumb":{"@id":"https:\/\/quintasolana.com\/pt-pt\/contate-nos\/#breadcrumb"},"inLanguage":"pt-PT","potentialAction":[{"@type":"ReadAction","target":["https:\/\/quintasolana.com\/pt-pt\/contate-nos\/"]}]},{"@type":"BreadcrumbList","@id":"https:\/\/quintasolana.com\/pt-pt\/contate-nos\/#breadcrumb","itemListElement":[{"@type":"ListItem","position":1,"name":"Accueil","item":"https:\/\/quintasolana.com\/pt-pt\/"},{"@type":"ListItem","position":2,"name":"Contate-nos"}]},{"@type":"WebSite","@id":"https:\/\/quintasolana.com\/pt-pt\/#website","url":"https:\/\/quintasolana.com\/pt-pt\/","name":"Quinta Solana","description":"Le fruit du soleil","potentialAction":[{"@type":"SearchAction","target":{"@type":"EntryPoint","urlTemplate":"https:\/\/quintasolana.com\/pt-pt\/?s={search_term_string}"},"query-input":{"@type":"PropertyValueSpecification","valueRequired":true,"valueName":"search_term_string"}}],"inLanguage":"pt-PT"}]}},"_links":{"self":[{"href":"https:\/\/quintasolana.com\/pt-pt\/wp-json\/wp\/v2\/pages\/243352","targetHints":{"allow":["GET"]}}],"collection":[{"href":"https:\/\/quintasolana.com\/pt-pt\/wp-json\/wp\/v2\/pages"}],"about":[{"href":"https:\/\/quintasolana.com\/pt-pt\/wp-json\/wp\/v2\/types\/page"}],"author":[{"embeddable":true,"href":"https:\/\/quintasolana.com\/pt-pt\/wp-json\/wp\/v2\/users\/1"}],"replies":[{"embeddable":true,"href":"https:\/\/quintasolana.com\/pt-pt\/wp-json\/wp\/v2\/comments?post=243352"}],"version-history":[{"count":7,"href":"https:\/\/quintasolana.com\/pt-pt\/wp-json\/wp\/v2\/pages\/243352\/revisions"}],"predecessor-version":[{"id":244652,"href":"https:\/\/quintasolana.com\/pt-pt\/wp-json\/wp\/v2\/pages\/243352\/revisions\/244652"}],"wp:attachment":[{"href":"https:\/\/quintasolana.com\/pt-pt\/wp-json\/wp\/v2\/media?parent=243352"}],"curies":[{"name":"wp","href":"https:\/\/api.w.org\/{rel}","templated":true}]}}