{"id":243346,"date":"2021-09-13T12:59:46","date_gmt":"2021-09-13T10:59:46","guid":{"rendered":"https:\/\/quintasolana.com\/nossas-receitas\/"},"modified":"2021-11-14T19:46:19","modified_gmt":"2021-11-14T18:46:19","slug":"nossas-receitas","status":"publish","type":"page","link":"https:\/\/quintasolana.com\/pt-pt\/nossas-receitas\/","title":{"rendered":"Nossas receitas"},"content":{"rendered":"<p>[et_pb_section fb_built=&#8221;1&#8243; _builder_version=&#8221;3.22&#8243; custom_padding=&#8221;5px||5px|||&#8221; global_colors_info=&#8221;{}&#8221;][et_pb_row _builder_version=&#8221;4.9.9&#8243; _module_preset=&#8221;default&#8221; custom_padding=&#8221;21px|||||&#8221; locked=&#8221;off&#8221; global_colors_info=&#8221;{}&#8221;][et_pb_column type=&#8221;4_4&#8243; _builder_version=&#8221;4.9.9&#8243; _module_preset=&#8221;default&#8221; global_colors_info=&#8221;{}&#8221;][et_pb_text _builder_version=&#8221;4.9.10&#8243; _module_preset=&#8221;default&#8221; text_font=&#8221;Montserrat||||||||&#8221; text_text_color=&#8221;rgba(0,0,0,0.33)&#8221; text_font_size=&#8221;13px&#8221; link_text_color=&#8221;rgba(0,0,0,0.26)&#8221; global_colors_info=&#8221;{}&#8221;]<\/p>\n<p style=\"font-family: montserrat;\"><a title=\"Accueil\" href=\"https:\/\/quintasolana.com\/pt-pt\/\">ACCUEIL<\/a> \/ Nossas receitas<\/p>\n<p>[\/et_pb_text][\/et_pb_column][\/et_pb_row][et_pb_row _builder_version=&#8221;4.9.7&#8243; _module_preset=&#8221;default&#8221; width=&#8221;120%&#8221; max_width=&#8221;100%&#8221; custom_padding=&#8221;0px||43px|||&#8221; locked=&#8221;off&#8221; global_colors_info=&#8221;{}&#8221;][et_pb_column type=&#8221;4_4&#8243; _builder_version=&#8221;4.9.7&#8243; _module_preset=&#8221;default&#8221; global_colors_info=&#8221;{}&#8221;][et_pb_divider divider_weight=&#8221;0px&#8221; _builder_version=&#8221;4.11.1&#8243; _module_preset=&#8221;default&#8221; background_image=&#8221;https:\/\/quintasolana.com\/wp-content\/uploads\/2021\/07\/flor-saurina-xWijL2q3xAM-unsplash-scaled.jpg&#8221; parallax=&#8221;on&#8221; width=&#8221;100%&#8221; min_height=&#8221;149px&#8221; min_height_tablet=&#8221;&#8221; min_height_phone=&#8221;46px&#8221; min_height_last_edited=&#8221;on|phone&#8221; custom_margin=&#8221;||2px|||&#8221; custom_padding=&#8221;||76px|||&#8221; locked=&#8221;off&#8221; global_colors_info=&#8221;{}&#8221;][\/et_pb_divider][\/et_pb_column][\/et_pb_row][et_pb_row module_class=&#8221;df-button&#8221; _builder_version=&#8221;4.9.10&#8243; _module_preset=&#8221;default&#8221; custom_padding=&#8221;||59px|||&#8221; custom_css_after=&#8221;text-decoration: underline;||    color:#000;||&#8221; global_colors_info=&#8221;{}&#8221; button_font_last_edited=&#8221;on|desktop&#8221; button_letter_spacing__hover=&#8221;1px&#8221; button_letter_spacing__hover_enabled=&#8221;on|hover&#8221;][et_pb_column type=&#8221;4_4&#8243; _builder_version=&#8221;4.9.10&#8243; _module_preset=&#8221;default&#8221; global_colors_info=&#8221;{}&#8221;][et_pb_text _builder_version=&#8221;4.11.1&#8243; _module_preset=&#8221;default&#8221; text_line_height=&#8221;6em&#8221; header_line_height=&#8221;1.3em&#8221; width=&#8221;100%&#8221; max_width=&#8221;100%&#8221; custom_margin=&#8221;6px||50px||false|false&#8221; custom_padding=&#8221;|0px|||false|false&#8221; header_text_align_tablet=&#8221;&#8221; header_text_align_phone=&#8221;center&#8221; header_text_align_last_edited=&#8221;on|phone&#8221; global_colors_info=&#8221;{}&#8221;]<\/p>\n<h1>PONHA O SOL NOS SEUS PRATOS<\/h1>\n<p>[\/et_pb_text][et_pb_blurb alt=&#8221;Quinta_solana_flacon_solstice_no\u00ebl&#8221; content_tablet=&#8221;&#8221; content_phone=&#8221;<\/p>\n<p style=%22text-align: center; font-family: mulish; padding: 200px 0 200px 0; font-size: 1.3em; color: white; font-weight: 600; margin-left: 0px; margin-right: -100px;%22><span style=%22color: #293821;%22>nossas sugest\u00f5es<\/span><br \/><span style=%22color: #293821;%22> para as fESTAS<\/span><\/p>\n<p>&#8221; content_last_edited=&#8221;on|phone&#8221; _builder_version=&#8221;4.13.1&#8243; _module_preset=&#8221;default&#8221; body_font=&#8221;Mulish|||on|||||&#8221; background_image=&#8221;https:\/\/quintasolana.com\/wp-content\/uploads\/2021\/11\/Noe\u0308l-e1636910415253.png&#8221; background_position=&#8221;top_center&#8221; custom_margin=&#8221;83px||62px|-186px|false|false&#8221; custom_margin_tablet=&#8221;&#8221; custom_margin_phone=&#8221;83px||62px|-81px|false|false&#8221; custom_margin_last_edited=&#8221;on|phone&#8221; link_option_url=&#8221;https:\/\/quintasolana.com\/pt-pt\/nossas-receitas\/?active_filter=docuras-de-inverno#filter&#8221; locked=&#8221;off&#8221; global_colors_info=&#8221;{}&#8221; background__hover_enabled=&#8221;on|hover&#8221; background_color__hover=&#8221;#bababa&#8221; background_enable_color__hover=&#8221;on&#8221; background_blend__hover=&#8221;overlay&#8221;]<\/p>\n<p style=\"font-family: mulish; padding: 200px 0px; font-size: 1.9em; color: white; font-weight: 600; margin-left: 140px; margin-right: -100px; text-align: right;\"><span style=\"color: #293821;\">\u00a0 \u00a0 \u00a0 \u00a0 \u00a0 \u00a0 nossas sugest\u00f5es para as festas<\/span><\/p>\n<p>[\/et_pb_blurb][\/et_pb_column][\/et_pb_row][\/et_pb_section][et_pb_section fb_built=&#8221;1&#8243; module_class=&#8221;df-area&#8221; _builder_version=&#8221;4.10.5&#8243; _module_preset=&#8221;default&#8221; custom_margin=&#8221;0px||0px||true|false&#8221; custom_padding=&#8221;0px||0px||true|false&#8221; global_colors_info=&#8221;{}&#8221;][et_pb_row use_custom_gutter=&#8221;on&#8221; gutter_width=&#8221;2&#8243; module_id=&#8221;filter&#8221; module_class=&#8221;filter&#8221; _builder_version=&#8221;4.11.0&#8243; background_size=&#8221;initial&#8221; background_position=&#8221;top_left&#8221; background_repeat=&#8221;repeat&#8221; width=&#8221;95%&#8221; max_width=&#8221;100%&#8221; module_alignment=&#8221;center&#8221; custom_margin=&#8221;0px|0px|0px|0px|true|true&#8221; custom_padding=&#8221;0px|0px|0px|0px|true|true&#8221; global_colors_info=&#8221;{}&#8221;][et_pb_column type=&#8221;4_4&#8243; module_class=&#8221;dfc-chaleurs-dhiver&#8221; _builder_version=&#8221;4.10.5&#8243; custom_padding=&#8221;0px|0px|0px|0px|true|true&#8221; global_colors_info=&#8221;{}&#8221; custom_padding__hover=&#8221;|||&#8221;][et_pb_dpfilterable_blog exclude_tags=&#8221;136&#8243; all_text=&#8221;Todas esta\u00e7\u00f5es&#8221; thumbnail_size=&#8221;510&#215;382&#8243; show_more=&#8221;on&#8221; show_more_text=&#8221;Ver receita&#8221; url_new_window=&#8221;on&#8221; show_pagination=&#8221;off&#8221; fullwidth=&#8221;off&#8221; use_overlay=&#8221;off&#8221; module_class=&#8221;three-column-grid&#8221; _builder_version=&#8221;4.13.1&#8243; _module_preset=&#8221;default&#8221; filter_font=&#8221;Mulish|300||on|||||&#8221; filter_text_color=&#8221;#000000&#8243; filter_active_font=&#8221;||||on|||rgba(0,0,0,0.39)|solid&#8221; filter_active_text_color=&#8221;#000000&#8243; title_font=&#8221;Mulish|||on|||||&#8221; title_text_align=&#8221;center&#8221; title_font_size=&#8221;16px&#8221; title_letter_spacing=&#8221;1px&#8221; title_line_height=&#8221;1.7em&#8221; caption_font=&#8221;Shippori Mincho||||||||&#8221; caption_text_align=&#8221;center&#8221; caption_line_height=&#8221;1.6em&#8221; excerpt_text_align=&#8221;center&#8221; excerpt_more_link_font=&#8221;Mulish|||on|||||&#8221; excerpt_more_link_text_color=&#8221;#000000&#8243; excerpt_more_link_font_size=&#8221;13px&#8221; excerpt_more_link_line_height=&#8221;7em&#8221; text_orientation=&#8221;center&#8221; module_alignment=&#8221;center&#8221; background_last_edited=&#8221;on|desktop&#8221; custom_css_after=&#8221;||&#8221; custom_css_portfolio_filters=&#8221;||border: 0px;||background:transparent;||&#8221; custom_css_active_portfolio_filter=&#8221;background:transparent;||&#8221; custom_css_portfolio_item=&#8221;||||&#8221; custom_css_portfolio_title=&#8221;||&#8221; custom_css_portfolio_post_meta=&#8221;pointer-events: none;&#8221; custom_css_portfolio_readmore=&#8221;border: 1px solid ;||padding: 12px 50px 12px 50px;||&#8221; border_width_all=&#8221;1px&#8221; border_color_all=&#8221;rgba(0,0,0,0.18)&#8221; global_colors_info=&#8221;{}&#8221; filter_text_color__hover_enabled=&#8221;on|hover&#8221; filter_text_color__hover=&#8221;#000000&#8243; filter_active_text_color__hover_enabled=&#8221;on|desktop&#8221; filter_active_text_color__hover=&#8221;#000000&#8243; custom_css_portfolio_filters_last_edited=&#8221;on|phone&#8221; custom_css_portfolio_filters__hover_enabled=&#8221;on|desktop&#8221; custom_css_portfolio_filters__hover=&#8221;background:transparent;||&#8221; custom_css_portfolio_readmore__hover_enabled=&#8221;on|hover&#8221; custom_css_portfolio_readmore__hover=&#8221;background:black;||color:white;||&#8221; excerpt_more_link_text_color__hover_enabled=&#8221;on|hover&#8221; excerpt_more_link_text_color__hover=&#8221;#FFFFFF&#8221; excerpt_line_height__hover_enabled=&#8221;on|desktop&#8221; custom_css_portfolio_filters_phone=&#8221;border: 0px solid rgba(0,0,0,0.24);||||font-size:1em;||line-height:1.2em;||padding:1em 0.4em;||&#8221; custom_css_portfolio_filters_tablet=&#8221;||border: 0px;||background:transparent;||&#8221;][\/et_pb_dpfilterable_blog][\/et_pb_column][\/et_pb_row][\/et_pb_section][et_pb_section fb_built=&#8221;1&#8243; _builder_version=&#8221;4.10.5&#8243; _module_preset=&#8221;default&#8221; custom_padding=&#8221;4px|||||&#8221; global_colors_info=&#8221;{}&#8221;][et_pb_row _builder_version=&#8221;4.10.5&#8243; _module_preset=&#8221;default&#8221; width=&#8221;100%&#8221; module_alignment=&#8221;center&#8221; custom_margin=&#8221;0px|0px|0px|0px|true|true&#8221; custom_padding=&#8221;35px|0px|35px|0px|true|true&#8221; global_colors_info=&#8221;{}&#8221;][et_pb_column type=&#8221;4_4&#8243; _builder_version=&#8221;4.10.5&#8243; _module_preset=&#8221;default&#8221; global_colors_info=&#8221;{}&#8221;][et_pb_text _builder_version=&#8221;4.10.5&#8243; _module_preset=&#8221;default&#8221; text_font=&#8221;Mulish||||||||&#8221; text_line_height=&#8221;1em&#8221; custom_margin=&#8221;17px|||1px|false|false&#8221; custom_padding=&#8221;7px|||||&#8221; global_colors_info=&#8221;{}&#8221;]<\/p>\n<p>Uma receita que quer partilhar ?<\/p>\n<p>Um segredo culin\u00e1rio com azeite para nos revelar?<\/p>\n<p>Envie-nos as suas <a id=\"dictEntry10010225102\" href=\"https:\/\/www.linguee.fr\/portugais-francais\/traduction\/sugest%C3%B5es.html\" class=\"dictLink featured\">sugest\u00f5es<\/a> em:<\/p>\n<p>fooding@quintasolana.com<\/p>\n<p>[\/et_pb_text][et_pb_image src=&#8221;https:\/\/quintasolana.com\/wp-content\/uploads\/2021\/07\/Screenshot-2021-07-11-at-11.02.46.png&#8221; title_text=&#8221;Screenshot 2021-07-11 at 11.02.46&#8243; _builder_version=&#8221;4.10.5&#8243; _module_preset=&#8221;default&#8221; width=&#8221;40%&#8221; global_colors_info=&#8221;{}&#8221;][\/et_pb_image][\/et_pb_column][\/et_pb_row][\/et_pb_section]<\/p>\n","protected":false},"excerpt":{"rendered":"<p>ACCUEIL \/ Nossas receitasPONHA O SOL NOS SEUS PRATOS\u00a0 \u00a0 \u00a0 \u00a0 \u00a0 \u00a0 nossas sugest\u00f5es para as festasUma receita que quer partilhar ? Um segredo culin\u00e1rio com azeite para nos revelar? Envie-nos as suas sugest\u00f5es em: fooding@quintasolana.com<\/p>\n","protected":false},"author":1,"featured_media":0,"parent":0,"menu_order":0,"comment_status":"closed","ping_status":"closed","template":"","meta":{"_et_pb_use_builder":"on","_et_pb_old_content":"","_et_gb_content_width":"","footnotes":""},"class_list":["post-243346","page","type-page","status-publish","hentry"],"yoast_head":"<!-- This site is optimized with the Yoast SEO plugin v27.3 - https:\/\/yoast.com\/product\/yoast-seo-wordpress\/ -->\n<title>Nossas receitas - Quinta Solana<\/title>\n<meta name=\"robots\" content=\"index, follow, max-snippet:-1, max-image-preview:large, max-video-preview:-1\" \/>\n<link rel=\"canonical\" href=\"https:\/\/quintasolana.com\/pt-pt\/nossas-receitas\/\" \/>\n<meta property=\"og:locale\" content=\"pt_PT\" \/>\n<meta property=\"og:type\" content=\"article\" \/>\n<meta property=\"og:title\" content=\"Nossas receitas - Quinta Solana\" \/>\n<meta property=\"og:description\" content=\"ACCUEIL \/ Nossas receitasPONHA O SOL NOS SEUS PRATOS\u00a0 \u00a0 \u00a0 \u00a0 \u00a0 \u00a0 nossas sugest\u00f5es para as festasUma receita que quer partilhar ? Um segredo culin\u00e1rio com azeite para nos revelar? Envie-nos as suas sugest\u00f5es em: fooding@quintasolana.com\" \/>\n<meta property=\"og:url\" content=\"https:\/\/quintasolana.com\/pt-pt\/nossas-receitas\/\" \/>\n<meta property=\"og:site_name\" content=\"Quinta Solana\" \/>\n<meta property=\"article:modified_time\" content=\"2021-11-14T18:46:19+00:00\" \/>\n<meta name=\"twitter:card\" content=\"summary_large_image\" \/>\n<meta name=\"twitter:label1\" content=\"Tempo estimado de leitura\" \/>\n\t<meta name=\"twitter:data1\" content=\"5 minutos\" \/>\n<script type=\"application\/ld+json\" class=\"yoast-schema-graph\">{\"@context\":\"https:\\\/\\\/schema.org\",\"@graph\":[{\"@type\":\"WebPage\",\"@id\":\"https:\\\/\\\/quintasolana.com\\\/pt-pt\\\/nossas-receitas\\\/\",\"url\":\"https:\\\/\\\/quintasolana.com\\\/pt-pt\\\/nossas-receitas\\\/\",\"name\":\"Nossas receitas - Quinta Solana\",\"isPartOf\":{\"@id\":\"https:\\\/\\\/quintasolana.com\\\/pt-pt\\\/#website\"},\"datePublished\":\"2021-09-13T10:59:46+00:00\",\"dateModified\":\"2021-11-14T18:46:19+00:00\",\"breadcrumb\":{\"@id\":\"https:\\\/\\\/quintasolana.com\\\/pt-pt\\\/nossas-receitas\\\/#breadcrumb\"},\"inLanguage\":\"pt-PT\",\"potentialAction\":[{\"@type\":\"ReadAction\",\"target\":[\"https:\\\/\\\/quintasolana.com\\\/pt-pt\\\/nossas-receitas\\\/\"]}]},{\"@type\":\"BreadcrumbList\",\"@id\":\"https:\\\/\\\/quintasolana.com\\\/pt-pt\\\/nossas-receitas\\\/#breadcrumb\",\"itemListElement\":[{\"@type\":\"ListItem\",\"position\":1,\"name\":\"Accueil\",\"item\":\"https:\\\/\\\/quintasolana.com\\\/pt-pt\\\/\"},{\"@type\":\"ListItem\",\"position\":2,\"name\":\"Nossas receitas\"}]},{\"@type\":\"WebSite\",\"@id\":\"https:\\\/\\\/quintasolana.com\\\/pt-pt\\\/#website\",\"url\":\"https:\\\/\\\/quintasolana.com\\\/pt-pt\\\/\",\"name\":\"Quinta Solana\",\"description\":\"Le fruit du soleil\",\"potentialAction\":[{\"@type\":\"SearchAction\",\"target\":{\"@type\":\"EntryPoint\",\"urlTemplate\":\"https:\\\/\\\/quintasolana.com\\\/pt-pt\\\/?s={search_term_string}\"},\"query-input\":{\"@type\":\"PropertyValueSpecification\",\"valueRequired\":true,\"valueName\":\"search_term_string\"}}],\"inLanguage\":\"pt-PT\"}]}<\/script>\n<!-- \/ Yoast SEO plugin. -->","yoast_head_json":{"title":"Nossas receitas - Quinta Solana","robots":{"index":"index","follow":"follow","max-snippet":"max-snippet:-1","max-image-preview":"max-image-preview:large","max-video-preview":"max-video-preview:-1"},"canonical":"https:\/\/quintasolana.com\/pt-pt\/nossas-receitas\/","og_locale":"pt_PT","og_type":"article","og_title":"Nossas receitas - Quinta Solana","og_description":"ACCUEIL \/ Nossas receitasPONHA O SOL NOS SEUS PRATOS\u00a0 \u00a0 \u00a0 \u00a0 \u00a0 \u00a0 nossas sugest\u00f5es para as festasUma receita que quer partilhar ? Um segredo culin\u00e1rio com azeite para nos revelar? Envie-nos as suas sugest\u00f5es em: fooding@quintasolana.com","og_url":"https:\/\/quintasolana.com\/pt-pt\/nossas-receitas\/","og_site_name":"Quinta Solana","article_modified_time":"2021-11-14T18:46:19+00:00","twitter_card":"summary_large_image","twitter_misc":{"Tempo estimado de leitura":"5 minutos"},"schema":{"@context":"https:\/\/schema.org","@graph":[{"@type":"WebPage","@id":"https:\/\/quintasolana.com\/pt-pt\/nossas-receitas\/","url":"https:\/\/quintasolana.com\/pt-pt\/nossas-receitas\/","name":"Nossas receitas - Quinta Solana","isPartOf":{"@id":"https:\/\/quintasolana.com\/pt-pt\/#website"},"datePublished":"2021-09-13T10:59:46+00:00","dateModified":"2021-11-14T18:46:19+00:00","breadcrumb":{"@id":"https:\/\/quintasolana.com\/pt-pt\/nossas-receitas\/#breadcrumb"},"inLanguage":"pt-PT","potentialAction":[{"@type":"ReadAction","target":["https:\/\/quintasolana.com\/pt-pt\/nossas-receitas\/"]}]},{"@type":"BreadcrumbList","@id":"https:\/\/quintasolana.com\/pt-pt\/nossas-receitas\/#breadcrumb","itemListElement":[{"@type":"ListItem","position":1,"name":"Accueil","item":"https:\/\/quintasolana.com\/pt-pt\/"},{"@type":"ListItem","position":2,"name":"Nossas receitas"}]},{"@type":"WebSite","@id":"https:\/\/quintasolana.com\/pt-pt\/#website","url":"https:\/\/quintasolana.com\/pt-pt\/","name":"Quinta Solana","description":"Le fruit du soleil","potentialAction":[{"@type":"SearchAction","target":{"@type":"EntryPoint","urlTemplate":"https:\/\/quintasolana.com\/pt-pt\/?s={search_term_string}"},"query-input":{"@type":"PropertyValueSpecification","valueRequired":true,"valueName":"search_term_string"}}],"inLanguage":"pt-PT"}]}},"_links":{"self":[{"href":"https:\/\/quintasolana.com\/pt-pt\/wp-json\/wp\/v2\/pages\/243346","targetHints":{"allow":["GET"]}}],"collection":[{"href":"https:\/\/quintasolana.com\/pt-pt\/wp-json\/wp\/v2\/pages"}],"about":[{"href":"https:\/\/quintasolana.com\/pt-pt\/wp-json\/wp\/v2\/types\/page"}],"author":[{"embeddable":true,"href":"https:\/\/quintasolana.com\/pt-pt\/wp-json\/wp\/v2\/users\/1"}],"replies":[{"embeddable":true,"href":"https:\/\/quintasolana.com\/pt-pt\/wp-json\/wp\/v2\/comments?post=243346"}],"version-history":[{"count":11,"href":"https:\/\/quintasolana.com\/pt-pt\/wp-json\/wp\/v2\/pages\/243346\/revisions"}],"predecessor-version":[{"id":245197,"href":"https:\/\/quintasolana.com\/pt-pt\/wp-json\/wp\/v2\/pages\/243346\/revisions\/245197"}],"wp:attachment":[{"href":"https:\/\/quintasolana.com\/pt-pt\/wp-json\/wp\/v2\/media?parent=243346"}],"curies":[{"name":"wp","href":"https:\/\/api.w.org\/{rel}","templated":true}]}}